{"id":1123,"date":"2022-11-26T00:02:37","date_gmt":"2022-11-25T23:02:37","guid":{"rendered":"https:\/\/www.walli-card.com\/protezione-dei-dati\/"},"modified":"2023-12-01T15:41:09","modified_gmt":"2023-12-01T14:41:09","slug":"protezione-dei-dati","status":"publish","type":"page","link":"https:\/\/walli-card.com\/it\/protezione-dei-dati\/","title":{"rendered":"Protezione dei dati"},"content":{"rendered":"\t\t<div data-elementor-type=\"wp-page\" data-elementor-id=\"1123\" class=\"elementor elementor-1123 elementor-178\" data-elementor-post-type=\"page\">\n\t\t\t\t\t\t<section class=\"elementor-section elementor-top-section elementor-element elementor-element-7fbbc835 elementor-section-boxed elementor-section-height-default elementor-section-height-default\" data-id=\"7fbbc835\" data-element_type=\"section\" data-e-type=\"section\">\n\t\t\t\t\t\t<div class=\"elementor-container elementor-column-gap-default\">\n\t\t\t\t\t<div class=\"elementor-column elementor-col-100 elementor-top-column elementor-element elementor-element-7f6c4df2\" data-id=\"7f6c4df2\" data-element_type=\"column\" data-e-type=\"column\">\n\t\t\t<div class=\"elementor-widget-wrap elementor-element-populated\">\n\t\t\t\t\t\t<div class=\"elementor-element elementor-element-483749e2 elementor-widget elementor-widget-heading\" data-id=\"483749e2\" data-element_type=\"widget\" data-e-type=\"widget\" data-widget_type=\"heading.default\">\n\t\t\t\t<div class=\"elementor-widget-container\">\n\t\t\t\t\t<h1 class=\"elementor-heading-title elementor-size-default\">Informativa sulla privacy<\/h1>\t\t\t\t<\/div>\n\t\t\t\t<\/div>\n\t\t\t\t<div class=\"elementor-element elementor-element-48a6faa9 elementor-widget elementor-widget-heading\" data-id=\"48a6faa9\" data-element_type=\"widget\" data-e-type=\"widget\" data-widget_type=\"heading.default\">\n\t\t\t\t<div class=\"elementor-widget-container\">\n\t\t\t\t\t<h2 class=\"elementor-heading-title elementor-size-default\">1. scaricare la protezione dei dati<\/h2>\t\t\t\t<\/div>\n\t\t\t\t<\/div>\n\t\t\t\t<section class=\"elementor-section elementor-inner-section elementor-element elementor-element-502df59b elementor-section-boxed elementor-section-height-default elementor-section-height-default\" data-id=\"502df59b\" data-element_type=\"section\" data-e-type=\"section\">\n\t\t\t\t\t\t<div class=\"elementor-container elementor-column-gap-default\">\n\t\t\t\t\t<div class=\"elementor-column elementor-col-50 elementor-inner-column elementor-element elementor-element-6f4e3b95\" data-id=\"6f4e3b95\" data-element_type=\"column\" data-e-type=\"column\">\n\t\t\t<div class=\"elementor-widget-wrap elementor-element-populated\">\n\t\t\t\t\t\t<div class=\"elementor-element elementor-element-2070d705 elementor-icon-list--layout-traditional elementor-list-item-link-full_width elementor-widget elementor-widget-icon-list\" data-id=\"2070d705\" data-element_type=\"widget\" data-e-type=\"widget\" data-widget_type=\"icon-list.default\">\n\t\t\t\t<div class=\"elementor-widget-container\">\n\t\t\t\t\t\t\t<ul class=\"elementor-icon-list-items\">\n\t\t\t\t\t\t\t<li class=\"elementor-icon-list-item\">\n\t\t\t\t\t\t\t\t\t\t\t<a href=\"https:\/\/walli-card.com\/wp-content\/uploads\/2023\/11\/2.1.-Walli-Card.pdf\" target=\"_blank\">\n\n\t\t\t\t\t\t\t\t\t\t\t\t<span class=\"elementor-icon-list-icon\">\n\t\t\t\t\t\t\t<i aria-hidden=\"true\" class=\"fas fa-cloud-download-alt\"><\/i>\t\t\t\t\t\t<\/span>\n\t\t\t\t\t\t\t\t\t\t<span class=\"elementor-icon-list-text\">Per i clienti e gli utenti della piattaforma di ordinazione<\/span>\n\t\t\t\t\t\t\t\t\t\t\t<\/a>\n\t\t\t\t\t\t\t\t\t<\/li>\n\t\t\t\t\t\t\t\t<li class=\"elementor-icon-list-item\">\n\t\t\t\t\t\t\t\t\t\t\t<a href=\"https:\/\/www.anjoka.it\/wp-content\/uploads\/2022\/10\/2.1.-Allgemeine-Datenschutzinform-ation-fuer-Kunden-und-Besucher.pdf\" target=\"_blank\" rel=\"noopener\">\n\n\t\t\t\t\t\t\t\t\t\t\t\t<span class=\"elementor-icon-list-icon\">\n\t\t\t\t\t\t\t<i aria-hidden=\"true\" class=\"fas fa-cloud-download-alt\"><\/i>\t\t\t\t\t\t<\/span>\n\t\t\t\t\t\t\t\t\t\t<span class=\"elementor-icon-list-text\">Informativa generale sulla privacy di Anjoka<\/span>\n\t\t\t\t\t\t\t\t\t\t\t<\/a>\n\t\t\t\t\t\t\t\t\t<\/li>\n\t\t\t\t\t\t<\/ul>\n\t\t\t\t\t\t<\/div>\n\t\t\t\t<\/div>\n\t\t\t\t\t<\/div>\n\t\t<\/div>\n\t\t\t\t<div class=\"elementor-column elementor-col-50 elementor-inner-column elementor-element elementor-element-1cd73c16\" data-id=\"1cd73c16\" data-element_type=\"column\" data-e-type=\"column\">\n\t\t\t<div class=\"elementor-widget-wrap elementor-element-populated\">\n\t\t\t\t\t\t<div class=\"elementor-element elementor-element-7d375553 elementor-icon-list--layout-traditional elementor-list-item-link-full_width elementor-widget elementor-widget-icon-list\" data-id=\"7d375553\" data-element_type=\"widget\" data-e-type=\"widget\" data-widget_type=\"icon-list.default\">\n\t\t\t\t<div class=\"elementor-widget-container\">\n\t\t\t\t\t\t\t<ul class=\"elementor-icon-list-items\">\n\t\t\t\t\t\t\t<li class=\"elementor-icon-list-item\">\n\t\t\t\t\t\t\t\t\t\t\t<a href=\"https:\/\/www.anjoka.it\/wp-content\/uploads\/2022\/10\/2.2.-Informationsschreiben-fuer-Lieferanten.pdf\" target=\"_blank\" rel=\"noopener\">\n\n\t\t\t\t\t\t\t\t\t\t\t\t<span class=\"elementor-icon-list-icon\">\n\t\t\t\t\t\t\t<i aria-hidden=\"true\" class=\"fas fa-cloud-download-alt\"><\/i>\t\t\t\t\t\t<\/span>\n\t\t\t\t\t\t\t\t\t\t<span class=\"elementor-icon-list-text\">Per i fornitori e le persone di contatto<\/span>\n\t\t\t\t\t\t\t\t\t\t\t<\/a>\n\t\t\t\t\t\t\t\t\t<\/li>\n\t\t\t\t\t\t\t\t<li class=\"elementor-icon-list-item\">\n\t\t\t\t\t\t\t\t\t\t\t<a href=\"https:\/\/www.anjoka.it\/wp-content\/uploads\/2022\/10\/14.5-Datenschutzinformation-un-d-Einwilligung-fuer-Bewerber.pdf\" target=\"_blank\" rel=\"noopener\">\n\n\t\t\t\t\t\t\t\t\t\t\t\t<span class=\"elementor-icon-list-icon\">\n\t\t\t\t\t\t\t<i aria-hidden=\"true\" class=\"fas fa-cloud-download-alt\"><\/i>\t\t\t\t\t\t<\/span>\n\t\t\t\t\t\t\t\t\t\t<span class=\"elementor-icon-list-text\">Per i candidati<\/span>\n\t\t\t\t\t\t\t\t\t\t\t<\/a>\n\t\t\t\t\t\t\t\t\t<\/li>\n\t\t\t\t\t\t<\/ul>\n\t\t\t\t\t\t<\/div>\n\t\t\t\t<\/div>\n\t\t\t\t\t<\/div>\n\t\t<\/div>\n\t\t\t\t\t<\/div>\n\t\t<\/section>\n\t\t\t\t<div class=\"elementor-element elementor-element-49732c21 elementor-widget elementor-widget-html\" data-id=\"49732c21\" data-element_type=\"widget\" data-e-type=\"widget\" data-widget_type=\"html.default\">\n\t\t\t\t<div class=\"elementor-widget-container\">\n\t\t\t\t\t<h2>2. protezione dei dati sul nostro sito web<\/h2>\n<br><br>\n<h3>Note generali<\/h3>\n<p>Le seguenti note forniscono una semplice panoramica di ci\u00f2 che accade ai vostri dati personali quando visitate il nostro sito web. I dati personali sono tutti i dati che consentono di identificare personalmente l'utente. Per informazioni dettagliate sul tema della protezione dei dati, si prega di consultare la nostra dichiarazione sulla protezione dei dati riportata sotto questo testo.<\/p>\n<h3>Raccolta di dati sul nostro sito web<\/h3>\n<p><strong>Chi \u00e8 responsabile della raccolta dei dati su questo sito?<\/strong><\/p><p>Il trattamento dei dati su questo sito web viene effettuato dal gestore del sito. I suoi dati di contatto sono riportati nell'imprinting di questo sito.<\/p><p><strong>Come raccogliamo i vostri dati?<\/strong><\/p><p>Da un lato, i vostri dati sono raccolti da voi che ce li fornite. Pu\u00f2 trattarsi, ad esempio, dei dati inseriti dall'utente in un modulo di contatto.<\/p><p>Altri dati vengono raccolti automaticamente dai nostri sistemi informatici quando visitate il sito web. Si tratta principalmente di dati tecnici (ad es. browser internet, sistema operativo o tempo di visualizzazione della pagina). Questi dati vengono raccolti automaticamente non appena si entra nel nostro sito web.<\/p><p><strong>Per cosa utilizziamo i vostri dati?<\/strong><\/p><p>Una parte dei dati viene raccolta per garantire una fornitura senza errori del sito web. Altri dati possono essere utilizzati per analizzare il comportamento degli utenti.<\/p><p><strong>Quali diritti avete sui vostri dati?<\/strong><\/p><p>Avete il diritto di ricevere gratuitamente in qualsiasi momento informazioni sull'origine, il destinatario e lo scopo dei vostri dati personali memorizzati. L'utente ha inoltre il diritto di richiedere la correzione, il blocco o la cancellazione di tali dati. In caso di ulteriori domande sul tema della protezione dei dati, potete contattarci in qualsiasi momento all'indirizzo indicato nell'imprinting. Inoltre, avete il diritto di presentare un reclamo all'autorit\u00e0 di vigilanza competente.<\/p>\n<h3>Strumenti di analisi e strumenti di terze parti<\/h3>\n<p>Quando visitate il nostro sito web, il vostro comportamento di navigazione pu\u00f2 essere valutato statisticamente. Ci\u00f2 avviene principalmente con i cookie e con i cosiddetti programmi di analisi. L'analisi del vostro comportamento di navigazione \u00e8 solitamente anonima; il comportamento di navigazione non pu\u00f2 essere ricondotto all'utente. \u00c8 possibile opporsi a questa analisi o impedirla non utilizzando determinati strumenti. Troverete informazioni dettagliate al riguardo nella seguente informativa sulla privacy.<\/p><p>\u00c8 possibile opporsi a questa analisi. Vi informeremo sulle opzioni di opposizione in questa informativa sulla privacy.<\/p>\n\n<h2>2 Note generali e informazioni obbligatorie<\/h2>\n<h3>Protezione dei dati<\/h3>\n<p>I gestori di queste pagine prendono molto sul serio la protezione dei vostri dati personali. Trattiamo i vostri dati personali in modo confidenziale e in conformit\u00e0 alle norme di legge sulla protezione dei dati e alla presente dichiarazione sulla protezione dei dati.<\/p><p>Quando si utilizza questo sito web, vengono raccolti diversi dati personali. I dati personali sono dati con i quali \u00e8 possibile identificarvi personalmente. La presente informativa sulla privacy spiega quali dati raccogliamo e per quali scopi li utilizziamo. Spiega inoltre come e a quale scopo ci\u00f2 avviene.<\/p><p>Desideriamo sottolineare che la trasmissione di dati su Internet (ad esempio la comunicazione via e-mail) pu\u00f2 presentare lacune di sicurezza. Non \u00e8 possibile proteggere completamente i dati dall'accesso di terzi.<\/p>\n\n\n<h3>Nota sull'organismo responsabile<\/h3>\n<p>Il responsabile del trattamento dei dati per questo sito web \u00e8:\n<\/p>\n<p> \nAnjoka GmbH <br>\nBachla 19<br>\n39030 Pfalzen\n<\/p>\n<p>  Telefono: 0474 529 500  <br>\n E-mail: info@anjoka.it <\/p>\n\n<p> \n\n<\/p><p>Il responsabile del trattamento \u00e8 la persona fisica o giuridica che, da sola o insieme ad altri, determina le finalit\u00e0 e i mezzi del trattamento dei dati personali (ad esempio, nomi, indirizzi e-mail, ecc.).<\/p>\n\n<h3>Revoca del consenso al trattamento dei dati<\/h3>\n<p>Molte operazioni di trattamento dei dati sono possibili solo con il vostro esplicito consenso. \u00c8 possibile revocare il consenso gi\u00e0 dato in qualsiasi momento. \u00c8 sufficiente inviare un messaggio informale via e-mail. La legalit\u00e0 del trattamento dei dati effettuato fino alla revoca rimane inalterata dalla revoca stessa.<\/p>\n<h3>Diritto alla portabilit\u00e0 dei dati<\/h3>\n<p>Avete il diritto di ottenere che i dati da noi trattati automaticamente sulla base del vostro consenso o in esecuzione di un contratto siano consegnati a voi o a terzi in un formato comune e leggibile a macchina. Se richiedete il trasferimento diretto dei dati a un altro responsabile del trattamento, ci\u00f2 avverr\u00e0 solo nella misura in cui sia tecnicamente possibile.<\/p>\n<h3>Crittografia SSL o TLS<\/h3>\n<p>Per motivi di sicurezza e per proteggere la trasmissione di contenuti riservati, come ordini o richieste di informazioni che ci inviate in qualit\u00e0 di gestori del sito, questo sito utilizza un protocollo SSL o SSL. Crittografia TLS. Una connessione criptata si riconosce dal fatto che la riga dell'indirizzo del browser passa da \"http:\/\/\" a \"https:\/\/\" e dal simbolo del lucchetto nella riga del browser.<\/p><p>Se la crittografia SSL o TLS \u00e8 attivata, i dati che ci trasmettete non possono essere letti da terzi.<\/p>\n<h3>Informazioni, blocco, cancellazione<\/h3>\n<p>Nell'ambito delle disposizioni di legge applicabili, l'utente ha il diritto di ottenere in qualsiasi momento informazioni gratuite sui propri dati personali memorizzati, sulla loro origine e sul loro destinatario e sullo scopo del trattamento dei dati e, se del caso, il diritto alla correzione, al blocco o alla cancellazione di tali dati. Potete contattarci in qualsiasi momento all'indirizzo indicato nell'imprinting a questo scopo e per ulteriori domande sul tema dei dati personali.<\/p>\n<h3>Obiezione alle e-mail pubblicitarie<\/h3>\n<p>Ci si oppone all'utilizzo dei dati di contatto pubblicati nell'ambito dell'obbligo di imprinting per l'invio di materiale pubblicitario e informativo non espressamente richiesto. I gestori delle pagine si riservano espressamente il diritto di intraprendere azioni legali in caso di invio non richiesto di informazioni pubblicitarie, ad esempio tramite e-mail di spam.<\/p>\n\n<h2>3. raccolta di dati sul nostro sito web<\/h2>\n<h3>Biscotti<\/h3>\n<p>Le pagine Internet utilizzano in parte i cosiddetti cookie. I cookie non causano alcun danno al computer e non contengono virus. I cookie vengono utilizzati per rendere il nostro sito web pi\u00f9 facile da usare, efficace e sicuro. I cookie sono piccoli file di testo che vengono memorizzati sul computer e salvati dal browser.<\/p><p>La maggior parte dei cookie che utilizziamo sono i cosiddetti \"cookie di sessione\". Vengono cancellati automaticamente al termine della visita. Altri cookie rimangono memorizzati sul vostro terminale finch\u00e9 non li cancellate. Questi cookie ci permettono di riconoscere il vostro browser alla vostra prossima visita.<\/p><p>Potete impostare il vostro browser in modo da essere informati sull'impostazione dei cookie e consentire i cookie solo in singoli casi, escludere l'accettazione dei cookie per determinati casi o in generale e attivare la cancellazione automatica dei cookie alla chiusura del browser. Se i cookie vengono disattivati, la funzionalit\u00e0 di questo sito web potrebbe essere limitata.<\/p><p>I cookie necessari per eseguire il processo di comunicazione elettronica o per fornire determinate funzioni richieste dall'utente (ad esempio, la funzione del carrello della spesa) vengono memorizzati sulla base dell'Art. 6 Para. 1 lit. f DSGVO memorizzato. L'operatore del sito web ha un interesse legittimo a memorizzare i cookie per la fornitura tecnicamente priva di errori e ottimizzata dei propri servizi. Nella misura in cui vengono memorizzati altri cookie (ad es. cookie per l'analisi del comportamento di navigazione), questi vengono trattati separatamente nella presente dichiarazione sulla protezione dei dati.<\/p>\n<h3>File di log del server<\/h3>\n<p>Il fornitore delle pagine raccoglie e memorizza automaticamente le informazioni nei cosiddetti file di log del server, che il vostro browser ci trasmette automaticamente. Questi sono:<\/p><ul><li>Tipo e versione del browser<\/li><li>Sistema operativo utilizzato<\/li><li>URL di riferimento<\/li><li>Nome host del computer di accesso<\/li><li>Ora della richiesta del server<\/li><li>Indirizzo IP<\/li><\/ul><p>Questi dati non vengono uniti ad altre fonti di dati.<\/p><p>La base per il trattamento dei dati \u00e8 l'art. 6 par. 1 lit. f DSGVO, che consente il trattamento dei dati per l'esecuzione di un contratto o di misure precontrattuali.<\/p>\n<h3>Modulo di contatto<\/h3>\n<p>Se ci inviate richieste di informazioni tramite il modulo di contatto, i vostri dati dal modulo di richiesta, compresi i dati di contatto che avete fornito, saranno memorizzati da noi allo scopo di elaborare la richiesta e in caso di richieste successive. Non trasmettiamo questi dati senza il vostro consenso.<\/p><p>Il trattamento dei dati inseriti nel modulo di contatto si basa pertanto esclusivamente sul vostro consenso (art. 6 cpv. 1 lett. a DSGVO). Il consenso pu\u00f2 essere revocato in qualsiasi momento. \u00c8 sufficiente inviare un messaggio informale via e-mail. La legalit\u00e0 delle operazioni di trattamento dei dati effettuate fino alla revoca rimane inalterata dalla revoca stessa.<\/p><p>I dati inseriti nel modulo di contatto rimarranno presso di noi fino a quando non ci chiederete di cancellarli, non revocherete il vostro consenso alla loro memorizzazione o fino a quando lo scopo della memorizzazione dei dati non sar\u00e0 pi\u00f9 valido (ad esempio, al termine dell'elaborazione della vostra richiesta). Le disposizioni legali obbligatorie, in particolare i periodi di conservazione, rimangono inalterate.<\/p>\n\n<h2>4. strumenti di analisi e pubblicit\u00e0<\/h2>\n<h3>Google Analytics<\/h3>\n<p>Questo sito web utilizza le funzioni del servizio di analisi web Google Analytics. Il fornitore \u00e8 Google Inc, 1600 Amphitheatre Parkway, Mountain View, CA 94043, USA.<\/p><p>Google Analytics utilizza i cosiddetti \"cookie\". Si tratta di file di testo che vengono memorizzati sul vostro computer e che consentono di analizzare l'utilizzo del sito web da parte vostra. Le informazioni generate dal cookie sull'utilizzo di questo sito web da parte dell'utente vengono solitamente trasmesse a un server di Google negli Stati Uniti e l\u00ec memorizzate.<\/p><p>I cookie di Google Analytics vengono memorizzati sulla base dell'art. 6 par. 1 lit. f GDPR. L'operatore del sito web ha un interesse legittimo ad analizzare il comportamento degli utenti al fine di ottimizzare il proprio sito web e la propria pubblicit\u00e0.<\/p><p><strong>Anonimizzazione dell'IP<\/strong><\/p><p>Abbiamo attivato la funzione di anonimizzazione dell'IP su questo sito web. Ci\u00f2 significa che il vostro indirizzo IP verr\u00e0 abbreviato da Google all'interno degli Stati membri dell'Unione Europea o in altri Stati contraenti dell'Accordo sullo Spazio Economico Europeo prima di essere trasmesso agli USA. Solo in casi eccezionali l'indirizzo IP completo viene trasmesso a un server di Google negli Stati Uniti e l\u00ec abbreviato. Per conto del gestore di questo sito web, Google utilizzer\u00e0 queste informazioni allo scopo di valutare l'utilizzo del sito web da parte dell'utente, compilare report sulle attivit\u00e0 del sito web e fornire altri servizi relativi alle attivit\u00e0 del sito web e all'utilizzo di Internet al gestore del sito web. L'indirizzo IP trasmesso dal vostro browser nell'ambito di Google Analytics non viene unito ad altri dati di Google.<\/p><p><strong>Plugin del browser<\/strong><\/p><p>L'utente pu\u00f2 rifiutare l'uso dei cookie selezionando l'impostazione appropriata sul proprio browser, ma si prega di notare che in tal caso potrebbe non essere in grado di utilizzare tutte le funzionalit\u00e0 di questo sito web. Potete inoltre impedire la raccolta dei dati generati dal cookie e relativi al vostro utilizzo del sito web (compreso il vostro indirizzo IP) da parte di Google e il trattamento di questi dati da parte di Google scaricando e installando il plugin del browser disponibile al seguente link: <a href=\"https:\/\/tools.google.com\/dlpage\/gaoptout?hl=de\" target=\"_blank\" rel=\"noopener\">https:\/\/tools.google.com\/dlpage\/gaoptout?hl=de.<\/a><\/p><p><strong>Obiezione alla raccolta dei dati<\/strong><\/p><p>Potete impedire la raccolta dei vostri dati da parte di Google Analytics cliccando sul seguente link. Verr\u00e0 impostato un cookie di opt-out che impedir\u00e0 la raccolta dei vostri dati durante le future visite a questo sito web: <a href=\"javascript:gaOptout();\">Disattivare Google Analytics<\/a>.<\/p><p>Per ulteriori informazioni sul trattamento dei dati degli utenti da parte di Google Analytics, consultare l'informativa sulla privacy di Google: <a href=\"https:\/\/support.google.com\/analytics\/answer\/6004245?hl=de\" target=\"_blank\" rel=\"noopener\">https:\/\/support.google.com\/analytics\/answer\/6004245?hl=de.<\/a><\/p>\n\n\n<h2>5. plugin e strumenti<\/h2>\n\n<!-- <h3>YouTube<\/h3>\n<p>Unsere Website nutzt Plugins der von Google betriebenen Seite YouTube. Betreiber der Seiten ist die YouTube, LLC, 901 Cherry Ave., San Bruno, CA 94066, USA.<\/p><p>Wenn Sie eine unserer mit einem YouTube-Plugin ausgestatteten Seiten besuchen, wird eine Verbindung zu den Servern von YouTube hergestellt. Dabei wird dem YouTube-Server mitgeteilt, welche unserer Seiten Sie besucht haben.<\/p><p>Wenn Sie in Ihrem YouTube-Account eingeloggt sind, erm\u00f6glichen Sie YouTube, Ihr Surfverhalten direkt Ihrem pers\u00f6nlichen Profil zuzuordnen. Dies k\u00f6nnen Sie verhindern, indem Sie sich aus Ihrem YouTube-Account ausloggen.<\/p><p>Die Nutzung von YouTube erfolgt im Interesse einer ansprechenden Darstellung unserer Online-Angebote. Dies stellt ein berechtigtes Interesse im Sinne von Art. 6 Abs. 1 lit. f DSGVO dar.<\/p><p>Weitere Informationen zum Umgang mit Nutzerdaten finden Sie in der Datenschutzerkl\u00e4rung von YouTube unter: <a href=\"https:\/\/policies.google.com\/privacy?hl=de&amp;gl=de\" target=\"_blank\" rel=\"noopener\">https:\/\/policies.google.com\/privacy<\/a>.<\/p>\n-->\n\n<h3>Google Web Fonts<\/h3>\n<p>Questo sito utilizza i cosiddetti web font forniti da Google per la visualizzazione uniforme dei caratteri. Quando si richiama una pagina, il browser carica i font web necessari nella cache del browser per visualizzare correttamente testi e caratteri.<\/p><p>A tal fine, il browser utilizzato deve collegarsi ai server di Google. Ci\u00f2 consente a Google di sapere che il nostro sito web \u00e8 stato visitato tramite il vostro indirizzo IP. I Google Web Fonts vengono utilizzati nell'interesse di una presentazione uniforme e accattivante delle nostre offerte online. Ci\u00f2 costituisce un interesse legittimo ai sensi dell'art. 6 par. 1 lit. f GDPR.<\/p><p>Se il browser non supporta i font web, il computer utilizza un font standard.<\/p><p>Ulteriori informazioni su Google Web Fonts sono disponibili all'indirizzo <a href=\"https:\/\/developers.google.com\/fonts\/faq\" target=\"_blank\" rel=\"noopener\">https:\/\/developers.google.com\/fonts\/faq<\/a> e nell'informativa sulla privacy di Google: <a href=\"https:\/\/policies.google.com\/privacy?hl=de&amp;gl=de\" target=\"_blank\" rel=\"noopener\">https:\/\/policies.google.com\/privacy.<\/a><\/p>\n\n\n<h2>6. risoluzione delle controversie online (piattaforma ODR)<\/h2>\n<p>Per le controversie dei consumatori derivanti dal presente contratto in relazione alla vendita online di prodotti e servizi tra Anjoka GmbH\n<a href=\"https:\/\/www.anjoka.it\/\" target=\"_blank\" rel=\"noopener\">https:\/\/www.anjoka.it<\/a> -  \n<a href=\"mailto:info@anjoka.it\">info@anjoka.it<\/a> e consumatore, garantiamo la nostra partecipazione alla procedura di risoluzione alternativa delle controversie presso il centro ADR \"Onlineschlichtter.it\":<br>  Via Zw\u00f6lfmalgreiner 2 - 39100 Bolzano (BZ)<br>  Tel. 0471-975597<br>  Fax 0471-979914<\/p><p>  Il reclamo a Onlineschlichter.it pu\u00f2 essere inoltrato tramite il sito web <a href=\"https:\/\/www.conciliareonline.it\/willkommen-bei-der-online-schlichtungsstelle-fuer-verbraucherstreitigkeiten-aus-e-commerce-vertraegen\" target=\"_blank\" rel=\"noopener\">www.onlineschlichter.it.<\/a>  Il reclamo pu\u00f2 essere presentato anche attraverso la piattaforma ODR della Commissione europea all'indirizzo <a href=\"https:\/\/ec.europa.eu\/consumers\/odr\/main\/index.cfm?event=main.home2.show&amp;lng=DE\" target=\"_blank\" rel=\"noopener\">https:\/\/ec.europa.eu\/consumers\/odr\/main\/index.cfm.<\/a> <\/p><p>  Mail <a href=\"mailto:info@onlineschlichter.it\">info@onlineschlichter.it<\/a><br>  Sito web <a href=\"https:\/\/www.conciliareonline.it\/willkommen-bei-der-online-schlichtungsstelle-fuer-verbraucherstreitigkeiten-aus-e-commerce-vertraegen\" target=\"_blank\" rel=\"noopener\">www.onlineschlichter.it<\/a><\/p>\t\t\t\t<\/div>\n\t\t\t\t<\/div>\n\t\t\t\t\t<\/div>\n\t\t<\/div>\n\t\t\t\t\t<\/div>\n\t\t<\/section>\n\t\t\t\t<\/div>\n\t\t","protected":false},"excerpt":{"rendered":"<p>Informativa sulla privacy 1. scaricare la protezione dei dati Per i clienti e gli utenti della piattaforma di ordinazione Informativa generale sulla privacy di Anjoka Per i fornitori e le persone di contatto Per i candidati 2. protezione dei dati sul nostro sito web Note generali Le seguenti note forniscono una semplice panoramica di ci\u00f2 [&hellip;]<\/p>\n","protected":false},"author":1,"featured_media":0,"parent":0,"menu_order":90,"comment_status":"closed","ping_status":"closed","template":"","meta":{"footnotes":""},"class_list":["post-1123","page","type-page","status-publish","hentry"],"_links":{"self":[{"href":"https:\/\/walli-card.com\/it\/wp-json\/wp\/v2\/pages\/1123","targetHints":{"allow":["GET"]}}],"collection":[{"href":"https:\/\/walli-card.com\/it\/wp-json\/wp\/v2\/pages"}],"about":[{"href":"https:\/\/walli-card.com\/it\/wp-json\/wp\/v2\/types\/page"}],"author":[{"embeddable":true,"href":"https:\/\/walli-card.com\/it\/wp-json\/wp\/v2\/users\/1"}],"replies":[{"embeddable":true,"href":"https:\/\/walli-card.com\/it\/wp-json\/wp\/v2\/comments?post=1123"}],"version-history":[{"count":4,"href":"https:\/\/walli-card.com\/it\/wp-json\/wp\/v2\/pages\/1123\/revisions"}],"predecessor-version":[{"id":1309,"href":"https:\/\/walli-card.com\/it\/wp-json\/wp\/v2\/pages\/1123\/revisions\/1309"}],"wp:attachment":[{"href":"https:\/\/walli-card.com\/it\/wp-json\/wp\/v2\/media?parent=1123"}],"curies":[{"name":"wp","href":"https:\/\/api.w.org\/{rel}","templated":true}]}}